{"id":155,"date":"2026-01-19T11:49:06","date_gmt":"2026-01-19T11:49:06","guid":{"rendered":"https:\/\/nuevo.basquetsueca.com\/?page_id=155"},"modified":"2026-01-23T12:43:08","modified_gmt":"2026-01-23T12:43:08","slug":"historia","status":"publish","type":"page","link":"https:\/\/nuevo.basquetsueca.com\/?page_id=155","title":{"rendered":"Hist\u00f2ria"},"content":{"rendered":"\n<div style=\"height:33px\" aria-hidden=\"true\" class=\"wp-block-spacer\"><\/div>\n\n\n\n<div class=\"wp-block-group has-global-padding is-layout-constrained wp-block-group-is-layout-constrained\">\n<figure class=\"wp-block-image size-large has-custom-border is-style-default\"><img fetchpriority=\"high\" decoding=\"async\" width=\"1024\" height=\"683\" src=\"https:\/\/nuevo.basquetsueca.com\/wp-content\/uploads\/2026\/01\/blog-3-1024x683.jpg\" alt=\"\" class=\"wp-image-86\" style=\"border-top-left-radius:12px;border-top-right-radius:12px;border-bottom-left-radius:12px;border-bottom-right-radius:12px\" srcset=\"https:\/\/nuevo.basquetsueca.com\/wp-content\/uploads\/2026\/01\/blog-3-1024x683.jpg 1024w, https:\/\/nuevo.basquetsueca.com\/wp-content\/uploads\/2026\/01\/blog-3-300x200.jpg 300w, https:\/\/nuevo.basquetsueca.com\/wp-content\/uploads\/2026\/01\/blog-3-768x512.jpg 768w, https:\/\/nuevo.basquetsueca.com\/wp-content\/uploads\/2026\/01\/blog-3-1536x1024.jpg 1536w, https:\/\/nuevo.basquetsueca.com\/wp-content\/uploads\/2026\/01\/blog-3.jpg 1920w\" sizes=\"(max-width: 1024px) 100vw, 1024px\" \/><\/figure>\n\n\n\n<div style=\"height:33px\" aria-hidden=\"true\" class=\"wp-block-spacer\"><\/div>\n\n\n\n<p>El dia 4 de juliol de 1984 es constitu\u00efa, davant notari, el club b\u00e0squet Sueca, \u00ab<em>associaci\u00f3 esportiva la finalitat de la qual \u00e9s el foment i la pr\u00e0ctica d&#8217;activitats f\u00edsiques i esportives, especialment l&#8217;esport del b\u00e0squet, sense cap \u00e0nim de lucre<\/em>\u00ab.<\/p>\n\n\n\n<p>Els fundadors va nomenar la primera Junta Directiva que estava formada per:<\/p>\n\n\n\n<ul class=\"wp-block-list\">\n<li><strong>PRESIDENT<\/strong>: En Francesc de Paula Meseguer i Borja.<\/li>\n\n\n\n<li><strong>VICEPRESIDENT<\/strong>: En Vicent Llopis i Nicol\u00e0s.<\/li>\n\n\n\n<li><strong>SECRETARI<\/strong>: En Vicent P\u00e9rez i Bernabeu.<\/li>\n\n\n\n<li><strong>VICESECRETARI<\/strong>: En Francesc-Xavier Beltr\u00e1n i Mateo.<\/li>\n\n\n\n<li><strong>TRESORER<\/strong>: En Miquel-\u00c0ngel Furi\u00f3 i Diego.<\/li>\n\n\n\n<li><strong>VICETRESORER<\/strong>: En Juli\u00e0 Gilabert i Fos.<\/li>\n\n\n\n<li><strong>VOCALS<\/strong>: En Jes\u00fas Soldado i Catal\u00e0. Na Gemma Sime\u00f3n i Beltr\u00e1n, Na Immaculada Garc\u00eda i M\u00e1\u00f1ez i Na Maria-Josep Morell i Moncho.<\/li>\n<\/ul>\n<\/div>\n\n\n\n<div class=\"wp-block-group is-nowrap is-layout-flex wp-container-core-group-is-layout-6c531013 wp-block-group-is-layout-flex\">\n<figure class=\"wp-block-image has-custom-border wp-container-content-9cfa9a5a\"><a href=\"http:\/\/25anysbasquetsueca.blogspot.com\/\"><img decoding=\"async\" src=\"http:\/\/3.bp.blogspot.com\/_cFOCOIcktQc\/SV4CcyS7WNI\/AAAAAAAADaQ\/4yKkfSZqMzc\/s320\/25ax.jpg\" alt=\"\" style=\"border-style:none;border-width:0px\"\/><\/a><\/figure>\n\n\n\n<p>El Club B\u00e0squet Sueca celebr\u00e0 en el 2009,&nbsp;el 25\u00e9 aniversari de la seua fundaci\u00f3 i durant tot aquell any, s&#8217;organitzaren&nbsp;una s\u00e8rie d\u2019actes&nbsp;amb la finalitat de&nbsp;fomentar el nostre esport i retrobar tots i totes els i les que passaren per l\u2019entitat (m\u00e9s de 500).<\/p>\n<\/div>\n\n\n\n<p class=\"has-contrast-color has-text-color has-link-color wp-elements-f035ac58ee2cf5b57e098ada0604a94c\">Entre els actes organitzats: partit escola b\u00e0squet al pavell\u00f3 del Pamesa, partits de veterans, reportatge a suecatv, hist\u00f2ria del club al peri\u00f2dic suheca, blog a internet  (<a href=\"https:\/\/25anysbasquetsueca.blogspot.com\/\">https:\/\/25anysbasquetsueca.blogspot.com\/<\/a>), litografia de l\u2019artista suec\u00e0 Conrado Meseguer, samarretes, panells amb fotografies de les diferents etapes del club, etc.<\/p>\n\n\n\n<p class=\"has-text-align-left has-contrast-color has-text-color has-link-color wp-elements-bc1a9fae48dd343c00038ed811859231\">La informaci\u00f3 sobre el 25 aniversari es pot llegir a:\u00a0<a href=\"http:\/\/25anysbasquetsueca.blogspot.com\/\" target=\"_blank\" rel=\"noreferrer noopener\">http:\/\/25anysbasquetsueca.blogspot.com<\/a>\/<\/p>\n\n\n\n<p><\/p>\n","protected":false},"excerpt":{"rendered":"<p>El dia 4 de juliol de 1984 es constitu\u00efa, davant notari, el club b\u00e0squet Sueca, \u00abassociaci\u00f3 esportiva la finalitat de la qual \u00e9s el foment i la pr\u00e0ctica d&#8217;activitats f\u00edsiques i esportives, especialment l&#8217;esport del b\u00e0squet, sense cap \u00e0nim de lucre\u00ab. Els fundadors va nomenar la primera Junta Directiva que estava formada per: El Club [&hellip;]<\/p>\n","protected":false},"author":1,"featured_media":0,"parent":0,"menu_order":4,"comment_status":"closed","ping_status":"closed","template":"page-no-title","meta":{"footnotes":""},"class_list":["post-155","page","type-page","status-publish","hentry"],"_links":{"self":[{"href":"https:\/\/nuevo.basquetsueca.com\/index.php?rest_route=\/wp\/v2\/pages\/155","targetHints":{"allow":["GET"]}}],"collection":[{"href":"https:\/\/nuevo.basquetsueca.com\/index.php?rest_route=\/wp\/v2\/pages"}],"about":[{"href":"https:\/\/nuevo.basquetsueca.com\/index.php?rest_route=\/wp\/v2\/types\/page"}],"author":[{"embeddable":true,"href":"https:\/\/nuevo.basquetsueca.com\/index.php?rest_route=\/wp\/v2\/users\/1"}],"replies":[{"embeddable":true,"href":"https:\/\/nuevo.basquetsueca.com\/index.php?rest_route=%2Fwp%2Fv2%2Fcomments&post=155"}],"version-history":[{"count":6,"href":"https:\/\/nuevo.basquetsueca.com\/index.php?rest_route=\/wp\/v2\/pages\/155\/revisions"}],"predecessor-version":[{"id":229,"href":"https:\/\/nuevo.basquetsueca.com\/index.php?rest_route=\/wp\/v2\/pages\/155\/revisions\/229"}],"wp:attachment":[{"href":"https:\/\/nuevo.basquetsueca.com\/index.php?rest_route=%2Fwp%2Fv2%2Fmedia&parent=155"}],"curies":[{"name":"wp","href":"https:\/\/api.w.org\/{rel}","templated":true}]}}