{"id":157,"date":"2026-01-19T11:50:45","date_gmt":"2026-01-19T11:50:45","guid":{"rendered":"https:\/\/nuevo.basquetsueca.com\/?page_id=157"},"modified":"2026-01-26T10:20:47","modified_gmt":"2026-01-26T10:20:47","slug":"noticies","status":"publish","type":"page","link":"https:\/\/nuevo.basquetsueca.com\/?page_id=157","title":{"rendered":"Not\u00edcies"},"content":{"rendered":"\n<div class=\"wp-block-query is-layout-flow wp-block-query-is-layout-flow\"><ul class=\"wp-block-post-template is-layout-flow wp-block-post-template-is-layout-flow\"><li class=\"wp-block-post post-203 post type-post status-publish format-standard has-post-thumbnail hentry category-uncategorized\">\n<h2 class=\"has-link-color wp-elements-6d82682a4026381430a471b0e5115397 wp-block-post-title has-text-color has-contrast-color\"><a href=\"https:\/\/nuevo.basquetsueca.com\/?p=203\" target=\"_self\" >Not\u00edcies del club 13 i 14 de desembre de 2025<\/a><\/h2>\n\n<figure class=\"alignwide wp-block-post-featured-image\"><a href=\"https:\/\/nuevo.basquetsueca.com\/?p=203\" target=\"_self\"  ><img fetchpriority=\"high\" decoding=\"async\" width=\"555\" height=\"480\" src=\"https:\/\/nuevo.basquetsueca.com\/wp-content\/uploads\/2026\/01\/entrada2.jpeg\" class=\"attachment-post-thumbnail size-post-thumbnail wp-post-image\" alt=\"Not\u00edcies del club 13 i 14 de desembre de 2025\" style=\"object-fit:cover;\" srcset=\"https:\/\/nuevo.basquetsueca.com\/wp-content\/uploads\/2026\/01\/entrada2.jpeg 555w, https:\/\/nuevo.basquetsueca.com\/wp-content\/uploads\/2026\/01\/entrada2-300x259.jpeg 300w\" sizes=\"(max-width: 555px) 100vw, 555px\" \/><\/a><\/figure>\n\n<div class=\"wp-block-post-excerpt\"><p class=\"wp-block-post-excerpt__excerpt\">La jornada d\u2019aquest cap de setmana ha estat marcada per les condicions meteorol\u00f2giques, que portaren a la suspensi\u00f3 i ajornament de nombrosos encontres. L\u2019equip de Tercera FEB, Velabasket CB Sueca, no viatj\u00e0 a Cartagena per a disputar el seu encontre, ja que aquest qued\u00e0 ajornat per la Federaci\u00f3 a causa de l\u2019av\u00eds roig d\u2019emerg\u00e8ncia establert&hellip; <\/p><\/div>\n\n\n<hr class=\"wp-block-separator has-css-opacity\"\/>\n\n\n<div class=\"wp-block-post-date\"><time datetime=\"2026-01-23T11:06:06+00:00\">enero 23, 2026<\/time><\/div>\n<\/li><li class=\"wp-block-post post-200 post type-post status-publish format-standard has-post-thumbnail hentry category-uncategorized\">\n<h2 class=\"has-link-color wp-elements-6d82682a4026381430a471b0e5115397 wp-block-post-title has-text-color has-contrast-color\"><a href=\"https:\/\/nuevo.basquetsueca.com\/?p=200\" target=\"_self\" >Not\u00edcies del club 6 i 7 de desembre de 2025<\/a><\/h2>\n\n<figure class=\"alignwide wp-block-post-featured-image\"><a href=\"https:\/\/nuevo.basquetsueca.com\/?p=200\" target=\"_self\"  ><img decoding=\"async\" width=\"640\" height=\"464\" src=\"https:\/\/nuevo.basquetsueca.com\/wp-content\/uploads\/2026\/01\/entrada1.jpeg\" class=\"attachment-post-thumbnail size-post-thumbnail wp-post-image\" alt=\"Not\u00edcies del club 6 i 7 de desembre de 2025\" style=\"object-fit:cover;\" srcset=\"https:\/\/nuevo.basquetsueca.com\/wp-content\/uploads\/2026\/01\/entrada1.jpeg 640w, https:\/\/nuevo.basquetsueca.com\/wp-content\/uploads\/2026\/01\/entrada1-300x218.jpeg 300w\" sizes=\"(max-width: 640px) 100vw, 640px\" \/><\/a><\/figure>\n\n<div class=\"wp-block-post-excerpt\"><p class=\"wp-block-post-excerpt__excerpt\">EL VELABASKET CB SUECA CAU DAVANT EL REGALLI-ALGINET PER 85-87 A l\u2019encontre que enfrontava els dos equips riberencs de la categoria (el primer contra el tercer del grup) al pavell\u00f3 Les Oliveretes de Sueca, el Velabasket CB Sueca no va poder mantindre la imbatibilitat a casa. En un partit on els detalls podien decidir la&hellip; <\/p><\/div>\n\n\n<hr class=\"wp-block-separator has-css-opacity\"\/>\n\n\n<div class=\"wp-block-post-date\"><time datetime=\"2026-01-23T11:03:09+00:00\">enero 23, 2026<\/time><\/div>\n<\/li><\/ul><\/div>\n","protected":false},"excerpt":{"rendered":"","protected":false},"author":1,"featured_media":0,"parent":0,"menu_order":6,"comment_status":"closed","ping_status":"closed","template":"page-no-title","meta":{"footnotes":""},"class_list":["post-157","page","type-page","status-publish","hentry"],"_links":{"self":[{"href":"https:\/\/nuevo.basquetsueca.com\/index.php?rest_route=\/wp\/v2\/pages\/157","targetHints":{"allow":["GET"]}}],"collection":[{"href":"https:\/\/nuevo.basquetsueca.com\/index.php?rest_route=\/wp\/v2\/pages"}],"about":[{"href":"https:\/\/nuevo.basquetsueca.com\/index.php?rest_route=\/wp\/v2\/types\/page"}],"author":[{"embeddable":true,"href":"https:\/\/nuevo.basquetsueca.com\/index.php?rest_route=\/wp\/v2\/users\/1"}],"replies":[{"embeddable":true,"href":"https:\/\/nuevo.basquetsueca.com\/index.php?rest_route=%2Fwp%2Fv2%2Fcomments&post=157"}],"version-history":[{"count":4,"href":"https:\/\/nuevo.basquetsueca.com\/index.php?rest_route=\/wp\/v2\/pages\/157\/revisions"}],"predecessor-version":[{"id":238,"href":"https:\/\/nuevo.basquetsueca.com\/index.php?rest_route=\/wp\/v2\/pages\/157\/revisions\/238"}],"wp:attachment":[{"href":"https:\/\/nuevo.basquetsueca.com\/index.php?rest_route=%2Fwp%2Fv2%2Fmedia&parent=157"}],"curies":[{"name":"wp","href":"https:\/\/api.w.org\/{rel}","templated":true}]}}