{"id":293,"date":"2026-01-26T12:45:22","date_gmt":"2026-01-26T12:45:22","guid":{"rendered":"https:\/\/nuevo.basquetsueca.com\/?post_type=product&#038;p=293"},"modified":"2026-01-26T12:48:27","modified_gmt":"2026-01-26T12:48:27","slug":"inscripcio-club-temporada-2025-2026-prova","status":"publish","type":"product","link":"https:\/\/nuevo.basquetsueca.com\/?product=inscripcio-club-temporada-2025-2026-prova","title":{"rendered":"Inscripci\u00f3 Club Temporada 2025\u20132026 (PROVA)"},"content":{"rendered":"<p>Inscripci\u00f3 de prova per al Club B\u00e0squet Sueca.<br data-start=\"1987\" data-end=\"1990\" \/>Aquesta inscripci\u00f3 \u00e9s nom\u00e9s per a proves.<\/p>\n","protected":false},"excerpt":{"rendered":"<p>Inscripci\u00f3 de prova per al Club B\u00e0squet Sueca.Aquesta inscripci\u00f3 \u00e9s nom\u00e9s per a proves.<\/p>\n","protected":false},"featured_media":0,"comment_status":"open","ping_status":"closed","template":"","meta":[],"product_brand":[],"product_cat":[22],"product_tag":[],"class_list":{"0":"post-293","1":"product","2":"type-product","3":"status-publish","5":"product_cat-sin-categorizar","7":"first","8":"instock","9":"downloadable","10":"virtual","11":"purchasable","12":"product-type-simple"},"_links":{"self":[{"href":"https:\/\/nuevo.basquetsueca.com\/index.php?rest_route=\/wp\/v2\/product\/293","targetHints":{"allow":["GET"]}}],"collection":[{"href":"https:\/\/nuevo.basquetsueca.com\/index.php?rest_route=\/wp\/v2\/product"}],"about":[{"href":"https:\/\/nuevo.basquetsueca.com\/index.php?rest_route=\/wp\/v2\/types\/product"}],"replies":[{"embeddable":true,"href":"https:\/\/nuevo.basquetsueca.com\/index.php?rest_route=%2Fwp%2Fv2%2Fcomments&post=293"}],"wp:attachment":[{"href":"https:\/\/nuevo.basquetsueca.com\/index.php?rest_route=%2Fwp%2Fv2%2Fmedia&parent=293"}],"wp:term":[{"taxonomy":"product_brand","embeddable":true,"href":"https:\/\/nuevo.basquetsueca.com\/index.php?rest_route=%2Fwp%2Fv2%2Fproduct_brand&post=293"},{"taxonomy":"product_cat","embeddable":true,"href":"https:\/\/nuevo.basquetsueca.com\/index.php?rest_route=%2Fwp%2Fv2%2Fproduct_cat&post=293"},{"taxonomy":"product_tag","embeddable":true,"href":"https:\/\/nuevo.basquetsueca.com\/index.php?rest_route=%2Fwp%2Fv2%2Fproduct_tag&post=293"}],"curies":[{"name":"wp","href":"https:\/\/api.w.org\/{rel}","templated":true}]}}